{"id":5742,"date":"2023-02-15T22:26:18","date_gmt":"2023-02-16T03:26:18","guid":{"rendered":"https:\/\/chineseexclusioncentenary.ca\/fr\/?page_id=5742"},"modified":"2023-03-09T03:17:00","modified_gmt":"2023-03-09T08:17:00","slug":"about-this-website","status":"publish","type":"page","link":"https:\/\/chineseexclusioncentenary.ca\/fr\/about-this-website\/","title":{"rendered":"\u00c0 propos de ce site web"},"content":{"rendered":"\t\t<div data-elementor-type=\"wp-post\" data-elementor-id=\"5742\" class=\"elementor elementor-5742\">\n\t\t\t\t\t\t\t\t\t<section class=\"elementor-section elementor-top-section elementor-element elementor-element-5266975 elementor-section-content-middle elementor-section-boxed elementor-section-height-default elementor-section-height-default\" data-id=\"5266975\" data-element_type=\"section\">\n\t\t\t\t\t\t<div class=\"elementor-container elementor-column-gap-extended\">\n\t\t\t\t\t<div class=\"elementor-column elementor-col-33 elementor-top-column elementor-element elementor-element-f3b64a0 sc_inner_width_none sc_layouts_column_icons_position_left\" data-id=\"f3b64a0\" data-element_type=\"column\">\n\t\t\t<div class=\"elementor-widget-wrap elementor-element-populated\">\n\t\t\t\t\t\t\t\t<div class=\"elementor-element elementor-element-0fb77b9 sc_fly_static elementor-widget elementor-widget-image\" data-id=\"0fb77b9\" data-element_type=\"widget\" data-widget_type=\"image.default\">\n\t\t\t\t<div class=\"elementor-widget-container\">\n\t\t\t<style>\/*! elementor - v3.10.2 - 29-01-2023 *\/\n.elementor-widget-image{text-align:center}.elementor-widget-image a{display:inline-block}.elementor-widget-image a img[src$=\".svg\"]{width:48px}.elementor-widget-image img{vertical-align:middle;display:inline-block}<\/style>\t\t\t\t\t\t\t\t\t\t\t\t<img decoding=\"async\" src=\"https:\/\/chineseexclusioncentenary.ca\/fr\/wp-content\/uploads\/elementor\/thumbs\/header-certificate-q392id82ollruf4fowswxw61vod46dicifr85ey5ts.jpg\" title=\"header-certificate\" alt=\"header-certificate\" loading=\"lazy\" \/>\t\t\t\t\t\t\t\t\t\t\t\t\t\t\t<\/div>\n\t\t\t\t<\/div>\n\t\t\t\t\t<\/div>\n\t\t<\/div>\n\t\t\t\t<div class=\"elementor-column elementor-col-66 elementor-top-column elementor-element elementor-element-0e8c6f9 sc_inner_width_none sc_layouts_column_icons_position_left\" data-id=\"0e8c6f9\" data-element_type=\"column\">\n\t\t\t<div class=\"elementor-widget-wrap elementor-element-populated\">\n\t\t\t\t\t\t\t\t<div class=\"elementor-element elementor-element-adb11b2 sc_fly_static elementor-widget elementor-widget-trx_sc_title\" data-id=\"adb11b2\" data-element_type=\"widget\" data-widget_type=\"trx_sc_title.default\">\n\t\t\t\t<div class=\"elementor-widget-container\">\n\t\t\t<div id=\"trx_sc_title_2075305041\"\n\t\tclass=\"sc_title sc_title_default\"><h1 class=\"sc_item_title sc_title_title sc_item_title_style_default sc_item_title_tag\"><span class=\"sc_item_title_text\">Centenaire d\u2019Exclusion des Chinois<\/span><\/h1><div class=\"sc_item_descr sc_title_descr\"><p>2023 marque le centenaire de la Loi de l'Immigration chinoise, mieux connue sous le nom de la Loi de l'Exclusion des Chinois. Cette politique discriminatoire a eu un impact profond sur la communaut\u00e9 sino-canadienne. Elle a s\u00e9par\u00e9 des familles pendant des d\u00e9cennies et a cr\u00e9\u00e9 un sentiment d'exclusion et de discrimination qui a persist\u00e9 longtemps apr\u00e8s l'abrogation de la loi en 1947. Cette politique a \u00e9galement contribu\u00e9 \u00e0 la stigmatisation des Canadiens d'origine chinoise et au renforcement continu des st\u00e9r\u00e9otypes sur les Chinois.<\/p>\n<p>Ce site Web sert de plateforme pour les personnes et les organisations int\u00e9ress\u00e9es par la comm\u00e9moration de la Loi d'Exclusion. Il pr\u00e9sente un \u00e9ventail d'\u00e9v\u00e9nements et d'activit\u00e9s qui se d\u00e9roulent \u00e0 travers le Canada et qui offrent des possibilit\u00e9s d'apprentissage, de r\u00e9flexion et de dialogue. En rassemblant les ressources et les possibilit\u00e9s de tout le pays, nous visons \u00e0 promouvoir une meilleure compr\u00e9hension du contexte historique et de l'h\u00e9ritage permanent de la Loi. Nous esp\u00e9rons ainsi favoriser un sentiment de solidarit\u00e9 parmi ceux qui travaillent \u00e0 cr\u00e9er une soci\u00e9t\u00e9 plus inclusive.<\/p>\n<\/div><\/div><!-- \/.sc_title -->\t\t<\/div>\n\t\t\t\t<\/div>\n\t\t\t\t\t<\/div>\n\t\t<\/div>\n\t\t\t\t\t\t\t<\/div>\n\t\t<\/section>\n\t\t\t\t\t\t\t<\/div>\n\t\t","protected":false},"excerpt":{"rendered":"<p>Centenaire d\u2019Exclusion des Chinois 2023 marque le centenaire de la Loi de l&#8217;Immigration chinoise, mieux connue sous le nom de la Loi de l&#8217;Exclusion des Chinois. Cette politique discriminatoire a&hellip;<\/p>\n","protected":false},"author":1,"featured_media":0,"parent":0,"menu_order":0,"comment_status":"closed","ping_status":"closed","template":"","meta":{"footnotes":""},"class_list":["post-5742","page","type-page","status-publish","hentry"],"yoast_head":"<!-- This site is optimized with the Yoast SEO plugin v20.5 - https:\/\/yoast.com\/wordpress\/plugins\/seo\/ -->\n<title>\u00c0 propos de ce site web - Centenaire d\u2019Exclusion des Chinois<\/title>\n<meta name=\"robots\" content=\"index, follow, max-snippet:-1, max-image-preview:large, max-video-preview:-1\" \/>\n<link rel=\"canonical\" href=\"https:\/\/chineseexclusioncentenary.ca\/fr\/about-this-website\/\" \/>\n<meta property=\"og:locale\" content=\"fr_CA\" \/>\n<meta property=\"og:type\" content=\"article\" \/>\n<meta property=\"og:title\" content=\"\u00c0 propos de ce site web - Centenaire d\u2019Exclusion des Chinois\" \/>\n<meta property=\"og:description\" content=\"Centenaire d\u2019Exclusion des Chinois 2023 marque le centenaire de la Loi de l&#8217;Immigration chinoise, mieux connue sous le nom de la Loi de l&#8217;Exclusion des Chinois. Cette politique discriminatoire a&hellip;\" \/>\n<meta property=\"og:url\" content=\"https:\/\/chineseexclusioncentenary.ca\/fr\/about-this-website\/\" \/>\n<meta property=\"og:site_name\" content=\"Centenaire d\u2019Exclusion des Chinois\" \/>\n<meta property=\"article:modified_time\" content=\"2023-03-09T08:17:00+00:00\" \/>\n<meta property=\"og:image\" content=\"https:\/\/chineseexclusioncentenary.ca\/fr\/wp-content\/uploads\/elementor\/thumbs\/header-certificate-q392id82ollruf4fowswxw61vod46dicifr85ey5ts.jpg\" \/>\n<meta name=\"twitter:card\" content=\"summary_large_image\" \/>\n<meta name=\"twitter:label1\" content=\"Estimation du temps de lecture\" \/>\n\t<meta name=\"twitter:data1\" content=\"1 minute\" \/>\n<script type=\"application\/ld+json\" class=\"yoast-schema-graph\">{\"@context\":\"https:\/\/schema.org\",\"@graph\":[{\"@type\":\"WebPage\",\"@id\":\"https:\/\/chineseexclusioncentenary.ca\/fr\/about-this-website\/\",\"url\":\"https:\/\/chineseexclusioncentenary.ca\/fr\/about-this-website\/\",\"name\":\"\u00c0 propos de ce site web - Centenaire d\u2019Exclusion des Chinois\",\"isPartOf\":{\"@id\":\"https:\/\/chineseexclusioncentenary.ca\/fr\/#website\"},\"datePublished\":\"2023-02-16T03:26:18+00:00\",\"dateModified\":\"2023-03-09T08:17:00+00:00\",\"breadcrumb\":{\"@id\":\"https:\/\/chineseexclusioncentenary.ca\/fr\/about-this-website\/#breadcrumb\"},\"inLanguage\":\"fr-CA\",\"potentialAction\":[{\"@type\":\"ReadAction\",\"target\":[\"https:\/\/chineseexclusioncentenary.ca\/fr\/about-this-website\/\"]}]},{\"@type\":\"BreadcrumbList\",\"@id\":\"https:\/\/chineseexclusioncentenary.ca\/fr\/about-this-website\/#breadcrumb\",\"itemListElement\":[{\"@type\":\"ListItem\",\"position\":1,\"name\":\"Accueil\",\"item\":\"https:\/\/chineseexclusioncentenary.ca\/fr\/\"},{\"@type\":\"ListItem\",\"position\":2,\"name\":\"\u00c0 propos de ce site web\"}]},{\"@type\":\"WebSite\",\"@id\":\"https:\/\/chineseexclusioncentenary.ca\/fr\/#website\",\"url\":\"https:\/\/chineseexclusioncentenary.ca\/fr\/\",\"name\":\"Centenaire d\u2019Exclusion des Chinois\",\"description\":\"1923-2023\",\"publisher\":{\"@id\":\"https:\/\/chineseexclusioncentenary.ca\/fr\/#organization\"},\"potentialAction\":[{\"@type\":\"SearchAction\",\"target\":{\"@type\":\"EntryPoint\",\"urlTemplate\":\"https:\/\/chineseexclusioncentenary.ca\/fr\/?s={search_term_string}\"},\"query-input\":\"required name=search_term_string\"}],\"inLanguage\":\"fr-CA\"},{\"@type\":\"Organization\",\"@id\":\"https:\/\/chineseexclusioncentenary.ca\/fr\/#organization\",\"name\":\"Centenaire d\u2019Exclusion des Chinois\",\"url\":\"https:\/\/chineseexclusioncentenary.ca\/fr\/\",\"logo\":{\"@type\":\"ImageObject\",\"inLanguage\":\"fr-CA\",\"@id\":\"https:\/\/chineseexclusioncentenary.ca\/fr\/#\/schema\/logo\/image\/\",\"url\":\"https:\/\/chineseexclusioncentenary.ca\/fr\/wp-content\/uploads\/2023\/03\/cropped-logo-fr-square.png\",\"contentUrl\":\"https:\/\/chineseexclusioncentenary.ca\/fr\/wp-content\/uploads\/2023\/03\/cropped-logo-fr-square.png\",\"width\":512,\"height\":512,\"caption\":\"Centenaire d\u2019Exclusion des Chinois\"},\"image\":{\"@id\":\"https:\/\/chineseexclusioncentenary.ca\/fr\/#\/schema\/logo\/image\/\"}}]}<\/script>\n<!-- \/ Yoast SEO plugin. -->","yoast_head_json":{"title":"\u00c0 propos de ce site web - Centenaire d\u2019Exclusion des Chinois","robots":{"index":"index","follow":"follow","max-snippet":"max-snippet:-1","max-image-preview":"max-image-preview:large","max-video-preview":"max-video-preview:-1"},"canonical":"https:\/\/chineseexclusioncentenary.ca\/fr\/about-this-website\/","og_locale":"fr_CA","og_type":"article","og_title":"\u00c0 propos de ce site web - Centenaire d\u2019Exclusion des Chinois","og_description":"Centenaire d\u2019Exclusion des Chinois 2023 marque le centenaire de la Loi de l&#8217;Immigration chinoise, mieux connue sous le nom de la Loi de l&#8217;Exclusion des Chinois. Cette politique discriminatoire a&hellip;","og_url":"https:\/\/chineseexclusioncentenary.ca\/fr\/about-this-website\/","og_site_name":"Centenaire d\u2019Exclusion des Chinois","article_modified_time":"2023-03-09T08:17:00+00:00","og_image":[{"url":"https:\/\/chineseexclusioncentenary.ca\/fr\/wp-content\/uploads\/elementor\/thumbs\/header-certificate-q392id82ollruf4fowswxw61vod46dicifr85ey5ts.jpg"}],"twitter_card":"summary_large_image","twitter_misc":{"Estimation du temps de lecture":"1 minute"},"schema":{"@context":"https:\/\/schema.org","@graph":[{"@type":"WebPage","@id":"https:\/\/chineseexclusioncentenary.ca\/fr\/about-this-website\/","url":"https:\/\/chineseexclusioncentenary.ca\/fr\/about-this-website\/","name":"\u00c0 propos de ce site web - Centenaire d\u2019Exclusion des Chinois","isPartOf":{"@id":"https:\/\/chineseexclusioncentenary.ca\/fr\/#website"},"datePublished":"2023-02-16T03:26:18+00:00","dateModified":"2023-03-09T08:17:00+00:00","breadcrumb":{"@id":"https:\/\/chineseexclusioncentenary.ca\/fr\/about-this-website\/#breadcrumb"},"inLanguage":"fr-CA","potentialAction":[{"@type":"ReadAction","target":["https:\/\/chineseexclusioncentenary.ca\/fr\/about-this-website\/"]}]},{"@type":"BreadcrumbList","@id":"https:\/\/chineseexclusioncentenary.ca\/fr\/about-this-website\/#breadcrumb","itemListElement":[{"@type":"ListItem","position":1,"name":"Accueil","item":"https:\/\/chineseexclusioncentenary.ca\/fr\/"},{"@type":"ListItem","position":2,"name":"\u00c0 propos de ce site web"}]},{"@type":"WebSite","@id":"https:\/\/chineseexclusioncentenary.ca\/fr\/#website","url":"https:\/\/chineseexclusioncentenary.ca\/fr\/","name":"Centenaire d\u2019Exclusion des Chinois","description":"1923-2023","publisher":{"@id":"https:\/\/chineseexclusioncentenary.ca\/fr\/#organization"},"potentialAction":[{"@type":"SearchAction","target":{"@type":"EntryPoint","urlTemplate":"https:\/\/chineseexclusioncentenary.ca\/fr\/?s={search_term_string}"},"query-input":"required name=search_term_string"}],"inLanguage":"fr-CA"},{"@type":"Organization","@id":"https:\/\/chineseexclusioncentenary.ca\/fr\/#organization","name":"Centenaire d\u2019Exclusion des Chinois","url":"https:\/\/chineseexclusioncentenary.ca\/fr\/","logo":{"@type":"ImageObject","inLanguage":"fr-CA","@id":"https:\/\/chineseexclusioncentenary.ca\/fr\/#\/schema\/logo\/image\/","url":"https:\/\/chineseexclusioncentenary.ca\/fr\/wp-content\/uploads\/2023\/03\/cropped-logo-fr-square.png","contentUrl":"https:\/\/chineseexclusioncentenary.ca\/fr\/wp-content\/uploads\/2023\/03\/cropped-logo-fr-square.png","width":512,"height":512,"caption":"Centenaire d\u2019Exclusion des Chinois"},"image":{"@id":"https:\/\/chineseexclusioncentenary.ca\/fr\/#\/schema\/logo\/image\/"}}]}},"_links":{"self":[{"href":"https:\/\/chineseexclusioncentenary.ca\/fr\/wp-json\/wp\/v2\/pages\/5742","targetHints":{"allow":["GET"]}}],"collection":[{"href":"https:\/\/chineseexclusioncentenary.ca\/fr\/wp-json\/wp\/v2\/pages"}],"about":[{"href":"https:\/\/chineseexclusioncentenary.ca\/fr\/wp-json\/wp\/v2\/types\/page"}],"author":[{"embeddable":true,"href":"https:\/\/chineseexclusioncentenary.ca\/fr\/wp-json\/wp\/v2\/users\/1"}],"replies":[{"embeddable":true,"href":"https:\/\/chineseexclusioncentenary.ca\/fr\/wp-json\/wp\/v2\/comments?post=5742"}],"version-history":[{"count":11,"href":"https:\/\/chineseexclusioncentenary.ca\/fr\/wp-json\/wp\/v2\/pages\/5742\/revisions"}],"predecessor-version":[{"id":5888,"href":"https:\/\/chineseexclusioncentenary.ca\/fr\/wp-json\/wp\/v2\/pages\/5742\/revisions\/5888"}],"wp:attachment":[{"href":"https:\/\/chineseexclusioncentenary.ca\/fr\/wp-json\/wp\/v2\/media?parent=5742"}],"curies":[{"name":"wp","href":"https:\/\/api.w.org\/{rel}","templated":true}]}}