{"id":5750,"date":"2023-02-15T22:30:16","date_gmt":"2023-02-16T03:30:16","guid":{"rendered":"https:\/\/chineseexclusioncentenary.ca\/fr\/?page_id=5750"},"modified":"2023-03-14T14:54:45","modified_gmt":"2023-03-14T18:54:45","slug":"who-are-we","status":"publish","type":"page","link":"https:\/\/chineseexclusioncentenary.ca\/fr\/who-are-we\/","title":{"rendered":"Qui sommes-nous?"},"content":{"rendered":"\t\t<div data-elementor-type=\"wp-post\" data-elementor-id=\"5750\" class=\"elementor elementor-5750\">\n\t\t\t\t\t\t\t\t\t<section class=\"elementor-section elementor-top-section elementor-element elementor-element-5266975 elementor-section-content-middle elementor-section-boxed elementor-section-height-default elementor-section-height-default\" data-id=\"5266975\" data-element_type=\"section\">\n\t\t\t\t\t\t<div class=\"elementor-container elementor-column-gap-extended\">\n\t\t\t\t\t<div class=\"elementor-column elementor-col-33 elementor-top-column elementor-element elementor-element-f3b64a0 sc_inner_width_none sc_layouts_column_icons_position_left\" data-id=\"f3b64a0\" data-element_type=\"column\">\n\t\t\t<div class=\"elementor-widget-wrap elementor-element-populated\">\n\t\t\t\t\t\t\t\t<div class=\"elementor-element elementor-element-4f520c6 sc_fly_static elementor-widget elementor-widget-image\" data-id=\"4f520c6\" data-element_type=\"widget\" data-widget_type=\"image.default\">\n\t\t\t\t<div class=\"elementor-widget-container\">\n\t\t\t<style>\/*! elementor - v3.10.2 - 29-01-2023 *\/\n.elementor-widget-image{text-align:center}.elementor-widget-image a{display:inline-block}.elementor-widget-image a img[src$=\".svg\"]{width:48px}.elementor-widget-image img{vertical-align:middle;display:inline-block}<\/style>\t\t\t\t\t\t\t\t\t\t\t\t\t<a href=\"https:\/\/acctfoundation.ca\">\n\t\t\t\t\t\t\t<img loading=\"lazy\" decoding=\"async\" width=\"270\" height=\"50\" src=\"https:\/\/chineseexclusioncentenary.ca\/fr\/wp-content\/uploads\/2023\/02\/acct-50px.png\" class=\"attachment-large size-large wp-image-5752\" alt=\"\" \/>\t\t\t\t\t\t\t\t<\/a>\n\t\t\t\t\t\t\t\t\t\t\t\t\t\t\t<\/div>\n\t\t\t\t<\/div>\n\t\t\t\t\t<\/div>\n\t\t<\/div>\n\t\t\t\t<div class=\"elementor-column elementor-col-66 elementor-top-column elementor-element elementor-element-0e8c6f9 sc_inner_width_none sc_layouts_column_icons_position_left\" data-id=\"0e8c6f9\" data-element_type=\"column\">\n\t\t\t<div class=\"elementor-widget-wrap elementor-element-populated\">\n\t\t\t\t\t\t\t\t<div class=\"elementor-element elementor-element-adb11b2 sc_fly_static elementor-widget elementor-widget-trx_sc_title\" data-id=\"adb11b2\" data-element_type=\"widget\" data-widget_type=\"trx_sc_title.default\">\n\t\t\t\t<div class=\"elementor-widget-container\">\n\t\t\t<div id=\"trx_sc_title_417555319\"\n\t\tclass=\"sc_title sc_title_default\"><h1 class=\"sc_item_title sc_title_title sc_item_title_style_default sc_item_title_tag\"><span class=\"sc_item_title_text\">ACCT Foundation - La fondation Action, Chinese Canadian Together (ACCT)<\/span><\/h1><div class=\"sc_item_descr sc_title_descr\"><p>Cette page web a \u00e9t\u00e9 con\u00e7ue par la fondation Action, Chinese Canadians Together (ACCT) <\/p>\n<p>La fondation Action, Chinese Canadian Together (ACCT) renforce les capacit\u00e9s des leaders canadiens d'origine chinoise qui s'engagent \u00e0 cr\u00e9er une soci\u00e9t\u00e9 plus \u00e9quitable au Canada. Nous facilitons des programmes de renforcement des capacit\u00e9s \u00e0 travers le pays, organisons des conf\u00e9rences sur le leadership et fournissons une plateforme o\u00f9 le travail acad\u00e9mique peut informer le travail communautaire. Nous r\u00e9unissons des leaders sino-canadiens \u00e9tablis et \u00e9mergents afin qu'ils collaborent \u00e0 l'identification et \u00e0 l'\u00e9limination des obstacles syst\u00e9miques \u00e0 la participation pleine et \u00e9gale des leaders ethnoculturels \u00e0 la soci\u00e9t\u00e9 canadienne. Nous honorons et c\u00e9l\u00e9brons les succ\u00e8s novateurs des leaders canadiens d'origine chinoise d'hier et d'aujourd'hui dans la soci\u00e9t\u00e9, et nous dotons la prochaine g\u00e9n\u00e9ration de leaders \u00e0 ressentir profond\u00e9ment la fa\u00e7on dont leur culture fa\u00e7onne et renforce leur leadership.<\/p>\n<p>En savoir plus sur <a href=\"https:\/\/acctfoundation.ca\">acctfoundation.ca<\/a><\/p>\n<\/div><\/div><!-- \/.sc_title -->\t\t<\/div>\n\t\t\t\t<\/div>\n\t\t\t\t\t<\/div>\n\t\t<\/div>\n\t\t\t\t\t\t\t<\/div>\n\t\t<\/section>\n\t\t\t\t<section class=\"elementor-section elementor-top-section elementor-element elementor-element-562bcff elementor-section-content-middle elementor-section-boxed elementor-section-height-default elementor-section-height-default\" data-id=\"562bcff\" data-element_type=\"section\">\n\t\t\t\t\t\t<div class=\"elementor-container elementor-column-gap-extended\">\n\t\t\t\t\t<div class=\"elementor-column elementor-col-33 elementor-top-column elementor-element elementor-element-9cc6871 sc_inner_width_none sc_layouts_column_icons_position_left\" data-id=\"9cc6871\" data-element_type=\"column\">\n\t\t\t<div class=\"elementor-widget-wrap elementor-element-populated\">\n\t\t\t\t\t\t\t\t<div class=\"elementor-element elementor-element-33e7e9f sc_fly_static elementor-widget elementor-widget-image\" data-id=\"33e7e9f\" data-element_type=\"widget\" data-widget_type=\"image.default\">\n\t\t\t\t<div class=\"elementor-widget-container\">\n\t\t\t\t\t\t\t\t\t\t\t\t\t\t\t\t<a href=\"https:\/\/acctfoundation.ca\">\n\t\t\t\t\t\t\t<img loading=\"lazy\" decoding=\"async\" width=\"325\" height=\"67\" src=\"https:\/\/chineseexclusioncentenary.ca\/fr\/wp-content\/uploads\/2023\/03\/ccs100logo.png\" class=\"attachment-large size-large wp-image-5930\" alt=\"\" srcset=\"https:\/\/chineseexclusioncentenary.ca\/fr\/wp-content\/uploads\/2023\/03\/ccs100logo.png 325w, https:\/\/chineseexclusioncentenary.ca\/fr\/wp-content\/uploads\/2023\/03\/ccs100logo-300x62.png 300w\" sizes=\"auto, (max-width: 325px) 100vw, 325px\" \/>\t\t\t\t\t\t\t\t<\/a>\n\t\t\t\t\t\t\t\t\t\t\t\t\t\t\t<\/div>\n\t\t\t\t<\/div>\n\t\t\t\t\t<\/div>\n\t\t<\/div>\n\t\t\t\t<div class=\"elementor-column elementor-col-66 elementor-top-column elementor-element elementor-element-f1f1fab sc_inner_width_none sc_layouts_column_icons_position_left\" data-id=\"f1f1fab\" data-element_type=\"column\">\n\t\t\t<div class=\"elementor-widget-wrap elementor-element-populated\">\n\t\t\t\t\t\t\t\t<div class=\"elementor-element elementor-element-8f81549 sc_fly_static elementor-widget elementor-widget-trx_sc_title\" data-id=\"8f81549\" data-element_type=\"widget\" data-widget_type=\"trx_sc_title.default\">\n\t\t\t\t<div class=\"elementor-widget-container\">\n\t\t\t<div id=\"trx_sc_title_302085230\"\n\t\tclass=\"sc_title sc_title_default\"><h1 class=\"sc_item_title sc_title_title sc_item_title_style_default sc_item_title_tag\"><span class=\"sc_item_title_text\">Canada Committee 100 Society<\/span><\/h1><div class=\"sc_item_descr sc_title_descr\"><p>The Canada Committee 100 Society (CCS100) is a BC-registered non-partisan and not-for-profit community organization dedicated to advocating Canada's diversity, equity, and inclusion. Its mandate is, focused on the Chinese Canadian community, to provide knowledge to enhance the overall capacity of the community; and, united with other ethnic groups, to develop strategies to promote the development of an equal, healthy, and sustainable Canada.<\/p>\n<p>Learn more at <a href=\"http:\/\/ccs100.ca\/\">ccs100.ca<\/a><\/p>\n<\/div><\/div><!-- \/.sc_title -->\t\t<\/div>\n\t\t\t\t<\/div>\n\t\t\t\t\t<\/div>\n\t\t<\/div>\n\t\t\t\t\t\t\t<\/div>\n\t\t<\/section>\n\t\t\t\t\t\t\t<\/div>\n\t\t","protected":false},"excerpt":{"rendered":"<p>ACCT Foundation &#8211; La fondation Action, Chinese Canadian Together (ACCT) Cette page web a \u00e9t\u00e9 con\u00e7ue par la fondation Action, Chinese Canadians Together (ACCT) La fondation Action, Chinese Canadian Together&hellip;<\/p>\n","protected":false},"author":1,"featured_media":0,"parent":0,"menu_order":0,"comment_status":"closed","ping_status":"closed","template":"","meta":{"footnotes":""},"class_list":["post-5750","page","type-page","status-publish","hentry"],"yoast_head":"<!-- This site is optimized with the Yoast SEO plugin v20.5 - https:\/\/yoast.com\/wordpress\/plugins\/seo\/ -->\n<title>Qui sommes-nous? - Centenaire d\u2019Exclusion des Chinois<\/title>\n<meta name=\"robots\" content=\"index, follow, max-snippet:-1, max-image-preview:large, max-video-preview:-1\" \/>\n<link rel=\"canonical\" href=\"https:\/\/chineseexclusioncentenary.ca\/fr\/who-are-we\/\" \/>\n<meta property=\"og:locale\" content=\"fr_CA\" \/>\n<meta property=\"og:type\" content=\"article\" \/>\n<meta property=\"og:title\" content=\"Qui sommes-nous? - Centenaire d\u2019Exclusion des Chinois\" \/>\n<meta property=\"og:description\" content=\"ACCT Foundation &#8211; La fondation Action, Chinese Canadian Together (ACCT) Cette page web a \u00e9t\u00e9 con\u00e7ue par la fondation Action, Chinese Canadians Together (ACCT) La fondation Action, Chinese Canadian Together&hellip;\" \/>\n<meta property=\"og:url\" content=\"https:\/\/chineseexclusioncentenary.ca\/fr\/who-are-we\/\" \/>\n<meta property=\"og:site_name\" content=\"Centenaire d\u2019Exclusion des Chinois\" \/>\n<meta property=\"article:modified_time\" content=\"2023-03-14T18:54:45+00:00\" \/>\n<meta property=\"og:image\" content=\"https:\/\/chineseexclusioncentenary.ca\/fr\/wp-content\/uploads\/2023\/02\/acct-50px.png\" \/>\n<meta name=\"twitter:card\" content=\"summary_large_image\" \/>\n<meta name=\"twitter:label1\" content=\"Estimation du temps de lecture\" \/>\n\t<meta name=\"twitter:data1\" content=\"1 minute\" \/>\n<script type=\"application\/ld+json\" class=\"yoast-schema-graph\">{\"@context\":\"https:\/\/schema.org\",\"@graph\":[{\"@type\":\"WebPage\",\"@id\":\"https:\/\/chineseexclusioncentenary.ca\/fr\/who-are-we\/\",\"url\":\"https:\/\/chineseexclusioncentenary.ca\/fr\/who-are-we\/\",\"name\":\"Qui sommes-nous? - Centenaire d\u2019Exclusion des Chinois\",\"isPartOf\":{\"@id\":\"https:\/\/chineseexclusioncentenary.ca\/fr\/#website\"},\"datePublished\":\"2023-02-16T03:30:16+00:00\",\"dateModified\":\"2023-03-14T18:54:45+00:00\",\"breadcrumb\":{\"@id\":\"https:\/\/chineseexclusioncentenary.ca\/fr\/who-are-we\/#breadcrumb\"},\"inLanguage\":\"fr-CA\",\"potentialAction\":[{\"@type\":\"ReadAction\",\"target\":[\"https:\/\/chineseexclusioncentenary.ca\/fr\/who-are-we\/\"]}]},{\"@type\":\"BreadcrumbList\",\"@id\":\"https:\/\/chineseexclusioncentenary.ca\/fr\/who-are-we\/#breadcrumb\",\"itemListElement\":[{\"@type\":\"ListItem\",\"position\":1,\"name\":\"Accueil\",\"item\":\"https:\/\/chineseexclusioncentenary.ca\/fr\/\"},{\"@type\":\"ListItem\",\"position\":2,\"name\":\"Qui sommes-nous?\"}]},{\"@type\":\"WebSite\",\"@id\":\"https:\/\/chineseexclusioncentenary.ca\/fr\/#website\",\"url\":\"https:\/\/chineseexclusioncentenary.ca\/fr\/\",\"name\":\"Centenaire d\u2019Exclusion des Chinois\",\"description\":\"1923-2023\",\"publisher\":{\"@id\":\"https:\/\/chineseexclusioncentenary.ca\/fr\/#organization\"},\"potentialAction\":[{\"@type\":\"SearchAction\",\"target\":{\"@type\":\"EntryPoint\",\"urlTemplate\":\"https:\/\/chineseexclusioncentenary.ca\/fr\/?s={search_term_string}\"},\"query-input\":\"required name=search_term_string\"}],\"inLanguage\":\"fr-CA\"},{\"@type\":\"Organization\",\"@id\":\"https:\/\/chineseexclusioncentenary.ca\/fr\/#organization\",\"name\":\"Centenaire d\u2019Exclusion des Chinois\",\"url\":\"https:\/\/chineseexclusioncentenary.ca\/fr\/\",\"logo\":{\"@type\":\"ImageObject\",\"inLanguage\":\"fr-CA\",\"@id\":\"https:\/\/chineseexclusioncentenary.ca\/fr\/#\/schema\/logo\/image\/\",\"url\":\"https:\/\/chineseexclusioncentenary.ca\/fr\/wp-content\/uploads\/2023\/03\/cropped-logo-fr-square.png\",\"contentUrl\":\"https:\/\/chineseexclusioncentenary.ca\/fr\/wp-content\/uploads\/2023\/03\/cropped-logo-fr-square.png\",\"width\":512,\"height\":512,\"caption\":\"Centenaire d\u2019Exclusion des Chinois\"},\"image\":{\"@id\":\"https:\/\/chineseexclusioncentenary.ca\/fr\/#\/schema\/logo\/image\/\"}}]}<\/script>\n<!-- \/ Yoast SEO plugin. -->","yoast_head_json":{"title":"Qui sommes-nous? - Centenaire d\u2019Exclusion des Chinois","robots":{"index":"index","follow":"follow","max-snippet":"max-snippet:-1","max-image-preview":"max-image-preview:large","max-video-preview":"max-video-preview:-1"},"canonical":"https:\/\/chineseexclusioncentenary.ca\/fr\/who-are-we\/","og_locale":"fr_CA","og_type":"article","og_title":"Qui sommes-nous? - Centenaire d\u2019Exclusion des Chinois","og_description":"ACCT Foundation &#8211; La fondation Action, Chinese Canadian Together (ACCT) Cette page web a \u00e9t\u00e9 con\u00e7ue par la fondation Action, Chinese Canadians Together (ACCT) La fondation Action, Chinese Canadian Together&hellip;","og_url":"https:\/\/chineseexclusioncentenary.ca\/fr\/who-are-we\/","og_site_name":"Centenaire d\u2019Exclusion des Chinois","article_modified_time":"2023-03-14T18:54:45+00:00","og_image":[{"url":"https:\/\/chineseexclusioncentenary.ca\/fr\/wp-content\/uploads\/2023\/02\/acct-50px.png"}],"twitter_card":"summary_large_image","twitter_misc":{"Estimation du temps de lecture":"1 minute"},"schema":{"@context":"https:\/\/schema.org","@graph":[{"@type":"WebPage","@id":"https:\/\/chineseexclusioncentenary.ca\/fr\/who-are-we\/","url":"https:\/\/chineseexclusioncentenary.ca\/fr\/who-are-we\/","name":"Qui sommes-nous? - Centenaire d\u2019Exclusion des Chinois","isPartOf":{"@id":"https:\/\/chineseexclusioncentenary.ca\/fr\/#website"},"datePublished":"2023-02-16T03:30:16+00:00","dateModified":"2023-03-14T18:54:45+00:00","breadcrumb":{"@id":"https:\/\/chineseexclusioncentenary.ca\/fr\/who-are-we\/#breadcrumb"},"inLanguage":"fr-CA","potentialAction":[{"@type":"ReadAction","target":["https:\/\/chineseexclusioncentenary.ca\/fr\/who-are-we\/"]}]},{"@type":"BreadcrumbList","@id":"https:\/\/chineseexclusioncentenary.ca\/fr\/who-are-we\/#breadcrumb","itemListElement":[{"@type":"ListItem","position":1,"name":"Accueil","item":"https:\/\/chineseexclusioncentenary.ca\/fr\/"},{"@type":"ListItem","position":2,"name":"Qui sommes-nous?"}]},{"@type":"WebSite","@id":"https:\/\/chineseexclusioncentenary.ca\/fr\/#website","url":"https:\/\/chineseexclusioncentenary.ca\/fr\/","name":"Centenaire d\u2019Exclusion des Chinois","description":"1923-2023","publisher":{"@id":"https:\/\/chineseexclusioncentenary.ca\/fr\/#organization"},"potentialAction":[{"@type":"SearchAction","target":{"@type":"EntryPoint","urlTemplate":"https:\/\/chineseexclusioncentenary.ca\/fr\/?s={search_term_string}"},"query-input":"required name=search_term_string"}],"inLanguage":"fr-CA"},{"@type":"Organization","@id":"https:\/\/chineseexclusioncentenary.ca\/fr\/#organization","name":"Centenaire d\u2019Exclusion des Chinois","url":"https:\/\/chineseexclusioncentenary.ca\/fr\/","logo":{"@type":"ImageObject","inLanguage":"fr-CA","@id":"https:\/\/chineseexclusioncentenary.ca\/fr\/#\/schema\/logo\/image\/","url":"https:\/\/chineseexclusioncentenary.ca\/fr\/wp-content\/uploads\/2023\/03\/cropped-logo-fr-square.png","contentUrl":"https:\/\/chineseexclusioncentenary.ca\/fr\/wp-content\/uploads\/2023\/03\/cropped-logo-fr-square.png","width":512,"height":512,"caption":"Centenaire d\u2019Exclusion des Chinois"},"image":{"@id":"https:\/\/chineseexclusioncentenary.ca\/fr\/#\/schema\/logo\/image\/"}}]}},"_links":{"self":[{"href":"https:\/\/chineseexclusioncentenary.ca\/fr\/wp-json\/wp\/v2\/pages\/5750","targetHints":{"allow":["GET"]}}],"collection":[{"href":"https:\/\/chineseexclusioncentenary.ca\/fr\/wp-json\/wp\/v2\/pages"}],"about":[{"href":"https:\/\/chineseexclusioncentenary.ca\/fr\/wp-json\/wp\/v2\/types\/page"}],"author":[{"embeddable":true,"href":"https:\/\/chineseexclusioncentenary.ca\/fr\/wp-json\/wp\/v2\/users\/1"}],"replies":[{"embeddable":true,"href":"https:\/\/chineseexclusioncentenary.ca\/fr\/wp-json\/wp\/v2\/comments?post=5750"}],"version-history":[{"count":14,"href":"https:\/\/chineseexclusioncentenary.ca\/fr\/wp-json\/wp\/v2\/pages\/5750\/revisions"}],"predecessor-version":[{"id":5933,"href":"https:\/\/chineseexclusioncentenary.ca\/fr\/wp-json\/wp\/v2\/pages\/5750\/revisions\/5933"}],"wp:attachment":[{"href":"https:\/\/chineseexclusioncentenary.ca\/fr\/wp-json\/wp\/v2\/media?parent=5750"}],"curies":[{"name":"wp","href":"https:\/\/api.w.org\/{rel}","templated":true}]}}