{"id":5758,"date":"2023-02-15T22:38:03","date_gmt":"2023-02-16T03:38:03","guid":{"rendered":"https:\/\/chineseexclusioncentenary.ca\/fr\/?page_id=5758"},"modified":"2023-03-21T22:59:36","modified_gmt":"2023-03-22T02:59:36","slug":"submit-your-event","status":"publish","type":"page","link":"https:\/\/chineseexclusioncentenary.ca\/fr\/submit-your-event\/","title":{"rendered":"Soumettre vos \u00e9v\u00e9nements"},"content":{"rendered":"\t\t<div data-elementor-type=\"wp-post\" data-elementor-id=\"5758\" class=\"elementor elementor-5758\">\n\t\t\t\t\t\t\t\t\t<section class=\"elementor-section elementor-top-section elementor-element elementor-element-b4b76fc elementor-section-boxed elementor-section-height-default elementor-section-height-default\" data-id=\"b4b76fc\" data-element_type=\"section\">\n\t\t\t\t\t\t<div class=\"elementor-container elementor-column-gap-extended\">\n\t\t\t\t\t<div class=\"elementor-column elementor-col-100 elementor-top-column elementor-element elementor-element-9c5c39e sc_inner_width_none sc_layouts_column_icons_position_left\" data-id=\"9c5c39e\" data-element_type=\"column\">\n\t\t\t<div class=\"elementor-widget-wrap elementor-element-populated\">\n\t\t\t\t\t\t\t\t<div class=\"elementor-element elementor-element-292946e sc_fly_static elementor-widget elementor-widget-spacer\" data-id=\"292946e\" data-element_type=\"widget\" data-widget_type=\"spacer.default\">\n\t\t\t\t<div class=\"elementor-widget-container\">\n\t\t\t<style>\/*! elementor - v3.10.2 - 29-01-2023 *\/\n.elementor-column .elementor-spacer-inner{height:var(--spacer-size)}.e-con{--container-widget-width:100%}.e-con-inner>.elementor-widget-spacer,.e-con>.elementor-widget-spacer{width:var(--container-widget-width,var(--spacer-size));--align-self:var(--container-widget-align-self,initial);--flex-shrink:0}.e-con-inner>.elementor-widget-spacer>.elementor-widget-container,.e-con-inner>.elementor-widget-spacer>.elementor-widget-container>.elementor-spacer,.e-con>.elementor-widget-spacer>.elementor-widget-container,.e-con>.elementor-widget-spacer>.elementor-widget-container>.elementor-spacer{height:100%}.e-con-inner>.elementor-widget-spacer>.elementor-widget-container>.elementor-spacer>.elementor-spacer-inner,.e-con>.elementor-widget-spacer>.elementor-widget-container>.elementor-spacer>.elementor-spacer-inner{height:var(--container-widget-height,var(--spacer-size))}<\/style>\t\t<div class=\"elementor-spacer\">\n\t\t\t<div class=\"elementor-spacer-inner\"><\/div>\n\t\t<\/div>\n\t\t\t\t<\/div>\n\t\t\t\t<\/div>\n\t\t\t\t\t<\/div>\n\t\t<\/div>\n\t\t\t\t\t\t\t<\/div>\n\t\t<\/section>\n\t\t\t\t<section class=\"elementor-section elementor-top-section elementor-element elementor-element-9c5a65b elementor-section-stretched elementor-section-boxed elementor-section-height-default elementor-section-height-default\" data-id=\"9c5a65b\" data-element_type=\"section\" data-settings=\"{&quot;stretch_section&quot;:&quot;section-stretched&quot;,&quot;background_background&quot;:&quot;gradient&quot;}\">\n\t\t\t\t\t\t<div class=\"elementor-container elementor-column-gap-extended\">\n\t\t\t\t\t<div class=\"elementor-column elementor-col-16 elementor-top-column elementor-element elementor-element-71c3832 sc_inner_width_none sc_layouts_column_icons_position_left\" data-id=\"71c3832\" data-element_type=\"column\">\n\t\t\t<div class=\"elementor-widget-wrap\">\n\t\t\t\t\t\t\t\t\t<\/div>\n\t\t<\/div>\n\t\t\t\t<div class=\"elementor-column elementor-col-66 elementor-top-column elementor-element elementor-element-9afbc48 sc_inner_width_none sc_layouts_column_icons_position_left\" data-id=\"9afbc48\" data-element_type=\"column\">\n\t\t\t<div class=\"elementor-widget-wrap elementor-element-populated\">\n\t\t\t\t\t\t\t\t<div class=\"elementor-element elementor-element-b8eab9f sc_fly_static elementor-widget elementor-widget-trx_sc_title\" data-id=\"b8eab9f\" data-element_type=\"widget\" data-widget_type=\"trx_sc_title.default\">\n\t\t\t\t<div class=\"elementor-widget-container\">\n\t\t\t<div id=\"trx_sc_title_2119461034\"\n\t\tclass=\"sc_title sc_title_default\"><span class=\"sc_item_subtitle sc_title_subtitle sc_align_center sc_item_subtitle_above sc_item_title_style_default\">Soumettre vos \u00e9v\u00e9nements<\/span><h1 class=\"sc_item_title sc_title_title sc_align_center sc_item_title_style_default sc_item_title_tag\"><span class=\"sc_item_title_text\">Soumettre vos \u00e9v\u00e9nements<\/span><\/h1><div class=\"sc_item_descr sc_title_descr sc_align_center\"><p>Est-ce que vous ou votre organisation faites quelque chose pour comm\u00e9morer la Loi d'Exclusion ? Nous vous invitons \u00e0 nous envoyer votre liste d'\u00e9v\u00e9nements afin qu\u2019ils puissent \u00eatre inclus sur ce site web.<\/p>\n<p>Il faudra environ 2 jours ouvrables pour que votre \u00e9v\u00e9nement soit affich\u00e9.<\/p>\n<\/div><\/div><!-- \/.sc_title -->\t\t<\/div>\n\t\t\t\t<\/div>\n\t\t\t\t<div class=\"elementor-element elementor-element-3b01450 sc_fly_static elementor-widget elementor-widget-spacer\" data-id=\"3b01450\" data-element_type=\"widget\" data-widget_type=\"spacer.default\">\n\t\t\t\t<div class=\"elementor-widget-container\">\n\t\t\t\t\t<div class=\"elementor-spacer\">\n\t\t\t<div class=\"elementor-spacer-inner\"><\/div>\n\t\t<\/div>\n\t\t\t\t<\/div>\n\t\t\t\t<\/div>\n\t\t\t\t<div class=\"elementor-element elementor-element-aaf204b sc_fly_static elementor-widget elementor-widget-shortcode\" data-id=\"aaf204b\" data-element_type=\"widget\" data-widget_type=\"shortcode.default\">\n\t\t\t\t<div class=\"elementor-widget-container\">\n\t\t\t\t\t<div class=\"elementor-shortcode\">\n<div class=\"wpcf7 no-js\" id=\"wpcf7-f5760-o1\" lang=\"en-CA\" dir=\"ltr\">\n<div class=\"screen-reader-response\"><p role=\"status\" aria-live=\"polite\" aria-atomic=\"true\"><\/p> <ul><\/ul><\/div>\n<form action=\"\/fr\/wp-json\/wp\/v2\/pages\/5758#wpcf7-f5760-o1\" method=\"post\" class=\"wpcf7-form init\" aria-label=\"Contact form\" enctype=\"multipart\/form-data\" novalidate=\"novalidate\" data-status=\"init\">\n<div style=\"display: none;\">\n<input type=\"hidden\" name=\"_wpcf7\" value=\"5760\" \/>\n<input type=\"hidden\" name=\"_wpcf7_version\" value=\"5.7.3\" \/>\n<input type=\"hidden\" name=\"_wpcf7_locale\" value=\"en_CA\" \/>\n<input type=\"hidden\" name=\"_wpcf7_unit_tag\" value=\"wpcf7-f5760-o1\" \/>\n<input type=\"hidden\" name=\"_wpcf7_container_post\" value=\"0\" \/>\n<input type=\"hidden\" name=\"_wpcf7_posted_data_hash\" value=\"\" \/>\n<\/div>\n<p><label> Your name<br \/>\n<span class=\"wpcf7-form-control-wrap\" data-name=\"your-name\"><input size=\"40\" class=\"wpcf7-form-control wpcf7-text wpcf7-validates-as-required\" autocomplete=\"name\" aria-required=\"true\" aria-invalid=\"false\" value=\"\" type=\"text\" name=\"your-name\" \/><\/span> <\/label>\n<\/p>\n<p><label> Your email<br \/>\n<span class=\"wpcf7-form-control-wrap\" data-name=\"your-email\"><input size=\"40\" class=\"wpcf7-form-control wpcf7-text wpcf7-email wpcf7-validates-as-required wpcf7-validates-as-email\" autocomplete=\"email\" aria-required=\"true\" aria-invalid=\"false\" value=\"\" type=\"email\" name=\"your-email\" \/><\/span> <\/label>\n<\/p>\n<p><label> Your Event Name<br \/>\n<span class=\"wpcf7-form-control-wrap\" data-name=\"your-event-subject\"><input size=\"40\" class=\"wpcf7-form-control wpcf7-text wpcf7-validates-as-required\" aria-required=\"true\" aria-invalid=\"false\" value=\"\" type=\"text\" name=\"your-event-subject\" \/><\/span> <\/label>\n<\/p>\n<p><label> Your Event Date<br \/>\n<span class=\"wpcf7-form-control-wrap\" data-name=\"your-event-date\"><input size=\"40\" class=\"wpcf7-form-control wpcf7-text wpcf7-validates-as-required\" aria-required=\"true\" aria-invalid=\"false\" value=\"\" type=\"text\" name=\"your-event-date\" \/><\/span> <\/label>\n<\/p>\n<p><label> Your Event Time<br \/>\n<span class=\"wpcf7-form-control-wrap\" data-name=\"your-event-time\"><input size=\"40\" class=\"wpcf7-form-control wpcf7-text wpcf7-validates-as-required\" aria-required=\"true\" aria-invalid=\"false\" value=\"\" type=\"text\" name=\"your-event-time\" \/><\/span> <\/label>\n<\/p>\n<p><label> Event Details (include description, website, social media, etc)<br \/>\n<span class=\"wpcf7-form-control-wrap\" data-name=\"event-details\"><textarea cols=\"40\" rows=\"10\" class=\"wpcf7-form-control wpcf7-textarea\" aria-invalid=\"false\" name=\"event-details\"><\/textarea><\/span> <\/label>\n<\/p>\n<p><label> Event Photo<br \/>\n<span class=\"wpcf7-form-control-wrap\" data-name=\"your-file\"><input size=\"40\" class=\"wpcf7-form-control wpcf7-file\" accept=\"image\/*,.txt,application\/pdf\" aria-invalid=\"false\" type=\"file\" name=\"your-file\" \/><\/span> <\/label>\n<\/p>\n<p><input class=\"wpcf7-form-control has-spinner wpcf7-submit\" type=\"submit\" value=\"Submit\" \/>\n<\/p><div class=\"wpcf7-response-output\" aria-hidden=\"true\"><\/div>\n<\/form>\n<\/div>\n<\/div>\n\t\t\t\t<\/div>\n\t\t\t\t<\/div>\n\t\t\t\t<div class=\"elementor-element elementor-element-b64a0f1 sc_fly_static elementor-widget elementor-widget-text-editor\" data-id=\"b64a0f1\" data-element_type=\"widget\" data-widget_type=\"text-editor.default\">\n\t\t\t\t<div class=\"elementor-widget-container\">\n\t\t\t<style>\/*! elementor - v3.10.2 - 29-01-2023 *\/\n.elementor-widget-text-editor.elementor-drop-cap-view-stacked .elementor-drop-cap{background-color:#818a91;color:#fff}.elementor-widget-text-editor.elementor-drop-cap-view-framed .elementor-drop-cap{color:#818a91;border:3px solid;background-color:transparent}.elementor-widget-text-editor:not(.elementor-drop-cap-view-default) .elementor-drop-cap{margin-top:8px}.elementor-widget-text-editor:not(.elementor-drop-cap-view-default) .elementor-drop-cap-letter{width:1em;height:1em}.elementor-widget-text-editor .elementor-drop-cap{float:left;text-align:center;line-height:1;font-size:50px}.elementor-widget-text-editor .elementor-drop-cap-letter{display:inline-block}<\/style>\t\t\t\t<p><strong>REMARQUE\u00a0:<\/strong> Apr\u00e8s avoir appuy\u00e9 sur Soumettre, veuillez patienter quelques secondes. Un message appara\u00eetra ici confirmant la soumission. Si vous recevez une erreur ou ne recevez pas de confirmation, veuillez nous envoyer votre \u00e9v\u00e9nement par courriel \u00e0 <a href=\"mailto:info@chineseexclusioncentenary.ca\">info@chineseexclusioncentenary.ca<\/a><\/p>\t\t\t\t\t\t<\/div>\n\t\t\t\t<\/div>\n\t\t\t\t\t<\/div>\n\t\t<\/div>\n\t\t\t\t<div class=\"elementor-column elementor-col-16 elementor-top-column elementor-element elementor-element-12051bc sc_inner_width_none sc_layouts_column_icons_position_left\" data-id=\"12051bc\" data-element_type=\"column\">\n\t\t\t<div class=\"elementor-widget-wrap\">\n\t\t\t\t\t\t\t\t\t<\/div>\n\t\t<\/div>\n\t\t\t\t\t\t\t<\/div>\n\t\t<\/section>\n\t\t\t\t\t\t\t<\/div>\n\t\t","protected":false},"excerpt":{"rendered":"<p>Soumettre vos \u00e9v\u00e9nements Soumettre vos \u00e9v\u00e9nements Est-ce que vous ou votre organisation faites quelque chose pour comm\u00e9morer la Loi d&#8217;Exclusion ? Nous vous invitons \u00e0 nous envoyer votre liste d&#8217;\u00e9v\u00e9nements&hellip;<\/p>\n","protected":false},"author":1,"featured_media":0,"parent":0,"menu_order":0,"comment_status":"closed","ping_status":"closed","template":"","meta":{"footnotes":""},"class_list":["post-5758","page","type-page","status-publish","hentry"],"yoast_head":"<!-- This site is optimized with the Yoast SEO plugin v20.5 - https:\/\/yoast.com\/wordpress\/plugins\/seo\/ -->\n<title>Soumettre vos \u00e9v\u00e9nements - Centenaire d\u2019Exclusion des Chinois<\/title>\n<meta name=\"robots\" content=\"index, follow, max-snippet:-1, max-image-preview:large, max-video-preview:-1\" \/>\n<link rel=\"canonical\" href=\"https:\/\/chineseexclusioncentenary.ca\/fr\/submit-your-event\/\" \/>\n<meta property=\"og:locale\" content=\"fr_CA\" \/>\n<meta property=\"og:type\" content=\"article\" \/>\n<meta property=\"og:title\" content=\"Soumettre vos \u00e9v\u00e9nements - Centenaire d\u2019Exclusion des Chinois\" \/>\n<meta property=\"og:description\" content=\"Soumettre vos \u00e9v\u00e9nements Soumettre vos \u00e9v\u00e9nements Est-ce que vous ou votre organisation faites quelque chose pour comm\u00e9morer la Loi d&#8217;Exclusion ? Nous vous invitons \u00e0 nous envoyer votre liste d&#8217;\u00e9v\u00e9nements&hellip;\" \/>\n<meta property=\"og:url\" content=\"https:\/\/chineseexclusioncentenary.ca\/fr\/submit-your-event\/\" \/>\n<meta property=\"og:site_name\" content=\"Centenaire d\u2019Exclusion des Chinois\" \/>\n<meta property=\"article:modified_time\" content=\"2023-03-22T02:59:36+00:00\" \/>\n<meta name=\"twitter:card\" content=\"summary_large_image\" \/>\n<meta name=\"twitter:label1\" content=\"Estimation du temps de lecture\" \/>\n\t<meta name=\"twitter:data1\" content=\"1 minute\" \/>\n<script type=\"application\/ld+json\" class=\"yoast-schema-graph\">{\"@context\":\"https:\/\/schema.org\",\"@graph\":[{\"@type\":\"WebPage\",\"@id\":\"https:\/\/chineseexclusioncentenary.ca\/fr\/submit-your-event\/\",\"url\":\"https:\/\/chineseexclusioncentenary.ca\/fr\/submit-your-event\/\",\"name\":\"Soumettre vos \u00e9v\u00e9nements - Centenaire d\u2019Exclusion des Chinois\",\"isPartOf\":{\"@id\":\"https:\/\/chineseexclusioncentenary.ca\/fr\/#website\"},\"datePublished\":\"2023-02-16T03:38:03+00:00\",\"dateModified\":\"2023-03-22T02:59:36+00:00\",\"breadcrumb\":{\"@id\":\"https:\/\/chineseexclusioncentenary.ca\/fr\/submit-your-event\/#breadcrumb\"},\"inLanguage\":\"fr-CA\",\"potentialAction\":[{\"@type\":\"ReadAction\",\"target\":[\"https:\/\/chineseexclusioncentenary.ca\/fr\/submit-your-event\/\"]}]},{\"@type\":\"BreadcrumbList\",\"@id\":\"https:\/\/chineseexclusioncentenary.ca\/fr\/submit-your-event\/#breadcrumb\",\"itemListElement\":[{\"@type\":\"ListItem\",\"position\":1,\"name\":\"Accueil\",\"item\":\"https:\/\/chineseexclusioncentenary.ca\/fr\/\"},{\"@type\":\"ListItem\",\"position\":2,\"name\":\"Soumettre vos \u00e9v\u00e9nements\"}]},{\"@type\":\"WebSite\",\"@id\":\"https:\/\/chineseexclusioncentenary.ca\/fr\/#website\",\"url\":\"https:\/\/chineseexclusioncentenary.ca\/fr\/\",\"name\":\"Centenaire d\u2019Exclusion des Chinois\",\"description\":\"1923-2023\",\"publisher\":{\"@id\":\"https:\/\/chineseexclusioncentenary.ca\/fr\/#organization\"},\"potentialAction\":[{\"@type\":\"SearchAction\",\"target\":{\"@type\":\"EntryPoint\",\"urlTemplate\":\"https:\/\/chineseexclusioncentenary.ca\/fr\/?s={search_term_string}\"},\"query-input\":\"required name=search_term_string\"}],\"inLanguage\":\"fr-CA\"},{\"@type\":\"Organization\",\"@id\":\"https:\/\/chineseexclusioncentenary.ca\/fr\/#organization\",\"name\":\"Centenaire d\u2019Exclusion des Chinois\",\"url\":\"https:\/\/chineseexclusioncentenary.ca\/fr\/\",\"logo\":{\"@type\":\"ImageObject\",\"inLanguage\":\"fr-CA\",\"@id\":\"https:\/\/chineseexclusioncentenary.ca\/fr\/#\/schema\/logo\/image\/\",\"url\":\"https:\/\/chineseexclusioncentenary.ca\/fr\/wp-content\/uploads\/2023\/03\/cropped-logo-fr-square.png\",\"contentUrl\":\"https:\/\/chineseexclusioncentenary.ca\/fr\/wp-content\/uploads\/2023\/03\/cropped-logo-fr-square.png\",\"width\":512,\"height\":512,\"caption\":\"Centenaire d\u2019Exclusion des Chinois\"},\"image\":{\"@id\":\"https:\/\/chineseexclusioncentenary.ca\/fr\/#\/schema\/logo\/image\/\"}}]}<\/script>\n<!-- \/ Yoast SEO plugin. -->","yoast_head_json":{"title":"Soumettre vos \u00e9v\u00e9nements - Centenaire d\u2019Exclusion des Chinois","robots":{"index":"index","follow":"follow","max-snippet":"max-snippet:-1","max-image-preview":"max-image-preview:large","max-video-preview":"max-video-preview:-1"},"canonical":"https:\/\/chineseexclusioncentenary.ca\/fr\/submit-your-event\/","og_locale":"fr_CA","og_type":"article","og_title":"Soumettre vos \u00e9v\u00e9nements - Centenaire d\u2019Exclusion des Chinois","og_description":"Soumettre vos \u00e9v\u00e9nements Soumettre vos \u00e9v\u00e9nements Est-ce que vous ou votre organisation faites quelque chose pour comm\u00e9morer la Loi d&#8217;Exclusion ? Nous vous invitons \u00e0 nous envoyer votre liste d&#8217;\u00e9v\u00e9nements&hellip;","og_url":"https:\/\/chineseexclusioncentenary.ca\/fr\/submit-your-event\/","og_site_name":"Centenaire d\u2019Exclusion des Chinois","article_modified_time":"2023-03-22T02:59:36+00:00","twitter_card":"summary_large_image","twitter_misc":{"Estimation du temps de lecture":"1 minute"},"schema":{"@context":"https:\/\/schema.org","@graph":[{"@type":"WebPage","@id":"https:\/\/chineseexclusioncentenary.ca\/fr\/submit-your-event\/","url":"https:\/\/chineseexclusioncentenary.ca\/fr\/submit-your-event\/","name":"Soumettre vos \u00e9v\u00e9nements - Centenaire d\u2019Exclusion des Chinois","isPartOf":{"@id":"https:\/\/chineseexclusioncentenary.ca\/fr\/#website"},"datePublished":"2023-02-16T03:38:03+00:00","dateModified":"2023-03-22T02:59:36+00:00","breadcrumb":{"@id":"https:\/\/chineseexclusioncentenary.ca\/fr\/submit-your-event\/#breadcrumb"},"inLanguage":"fr-CA","potentialAction":[{"@type":"ReadAction","target":["https:\/\/chineseexclusioncentenary.ca\/fr\/submit-your-event\/"]}]},{"@type":"BreadcrumbList","@id":"https:\/\/chineseexclusioncentenary.ca\/fr\/submit-your-event\/#breadcrumb","itemListElement":[{"@type":"ListItem","position":1,"name":"Accueil","item":"https:\/\/chineseexclusioncentenary.ca\/fr\/"},{"@type":"ListItem","position":2,"name":"Soumettre vos \u00e9v\u00e9nements"}]},{"@type":"WebSite","@id":"https:\/\/chineseexclusioncentenary.ca\/fr\/#website","url":"https:\/\/chineseexclusioncentenary.ca\/fr\/","name":"Centenaire d\u2019Exclusion des Chinois","description":"1923-2023","publisher":{"@id":"https:\/\/chineseexclusioncentenary.ca\/fr\/#organization"},"potentialAction":[{"@type":"SearchAction","target":{"@type":"EntryPoint","urlTemplate":"https:\/\/chineseexclusioncentenary.ca\/fr\/?s={search_term_string}"},"query-input":"required name=search_term_string"}],"inLanguage":"fr-CA"},{"@type":"Organization","@id":"https:\/\/chineseexclusioncentenary.ca\/fr\/#organization","name":"Centenaire d\u2019Exclusion des Chinois","url":"https:\/\/chineseexclusioncentenary.ca\/fr\/","logo":{"@type":"ImageObject","inLanguage":"fr-CA","@id":"https:\/\/chineseexclusioncentenary.ca\/fr\/#\/schema\/logo\/image\/","url":"https:\/\/chineseexclusioncentenary.ca\/fr\/wp-content\/uploads\/2023\/03\/cropped-logo-fr-square.png","contentUrl":"https:\/\/chineseexclusioncentenary.ca\/fr\/wp-content\/uploads\/2023\/03\/cropped-logo-fr-square.png","width":512,"height":512,"caption":"Centenaire d\u2019Exclusion des Chinois"},"image":{"@id":"https:\/\/chineseexclusioncentenary.ca\/fr\/#\/schema\/logo\/image\/"}}]}},"_links":{"self":[{"href":"https:\/\/chineseexclusioncentenary.ca\/fr\/wp-json\/wp\/v2\/pages\/5758","targetHints":{"allow":["GET"]}}],"collection":[{"href":"https:\/\/chineseexclusioncentenary.ca\/fr\/wp-json\/wp\/v2\/pages"}],"about":[{"href":"https:\/\/chineseexclusioncentenary.ca\/fr\/wp-json\/wp\/v2\/types\/page"}],"author":[{"embeddable":true,"href":"https:\/\/chineseexclusioncentenary.ca\/fr\/wp-json\/wp\/v2\/users\/1"}],"replies":[{"embeddable":true,"href":"https:\/\/chineseexclusioncentenary.ca\/fr\/wp-json\/wp\/v2\/comments?post=5758"}],"version-history":[{"count":11,"href":"https:\/\/chineseexclusioncentenary.ca\/fr\/wp-json\/wp\/v2\/pages\/5758\/revisions"}],"predecessor-version":[{"id":5957,"href":"https:\/\/chineseexclusioncentenary.ca\/fr\/wp-json\/wp\/v2\/pages\/5758\/revisions\/5957"}],"wp:attachment":[{"href":"https:\/\/chineseexclusioncentenary.ca\/fr\/wp-json\/wp\/v2\/media?parent=5758"}],"curies":[{"name":"wp","href":"https:\/\/api.w.org\/{rel}","templated":true}]}}