{"id":6025,"date":"2023-05-18T01:59:38","date_gmt":"2023-05-18T05:59:38","guid":{"rendered":"https:\/\/chineseexclusioncentenary.ca\/fr\/?page_id=6025"},"modified":"2023-05-18T02:01:22","modified_gmt":"2023-05-18T06:01:22","slug":"au-dela-de-la-montagne-dor-les-canadiens-dascendance-chinoise","status":"publish","type":"page","link":"https:\/\/chineseexclusioncentenary.ca\/fr\/au-dela-de-la-montagne-dor-les-canadiens-dascendance-chinoise\/","title":{"rendered":"Au-del\u00e0 de la Montagne d\u2019or : Les Canadiens d\u2019ascendance chinoise"},"content":{"rendered":"\t\t<div data-elementor-type=\"wp-post\" data-elementor-id=\"6025\" class=\"elementor elementor-6025\">\n\t\t\t\t\t\t\t\t\t<section class=\"elementor-section elementor-top-section elementor-element elementor-element-6b8b66b elementor-section-stretched elementor-section-boxed elementor-section-height-default elementor-section-height-default\" data-id=\"6b8b66b\" data-element_type=\"section\" data-settings=\"{&quot;stretch_section&quot;:&quot;section-stretched&quot;,&quot;background_background&quot;:&quot;gradient&quot;}\">\n\t\t\t\t\t\t<div class=\"elementor-container elementor-column-gap-extended\">\n\t\t\t\t\t<div class=\"elementor-column elementor-col-16 elementor-top-column elementor-element elementor-element-126e6f6 sc_inner_width_none sc_layouts_column_icons_position_left\" data-id=\"126e6f6\" data-element_type=\"column\">\n\t\t\t<div class=\"elementor-widget-wrap elementor-element-populated\">\n\t\t\t\t\t\t\t\t<div class=\"elementor-element elementor-element-7daf8c0 sc_fly_static elementor-widget elementor-widget-image\" data-id=\"7daf8c0\" data-element_type=\"widget\" data-widget_type=\"image.default\">\n\t\t\t\t<div class=\"elementor-widget-container\">\n\t\t\t<style>\/*! elementor - v3.10.2 - 29-01-2023 *\/\n.elementor-widget-image{text-align:center}.elementor-widget-image a{display:inline-block}.elementor-widget-image a img[src$=\".svg\"]{width:48px}.elementor-widget-image img{vertical-align:middle;display:inline-block}<\/style>\t\t\t\t\t\t\t\t\t\t\t\t\t<a href=\"https:\/\/chineseexclusioncentenary.ca\/wp-content\/uploads\/2023\/05\/LeeWingCertificate768x560.jpg\" data-elementor-open-lightbox=\"yes\" data-elementor-lightbox-title=\"Storytelling - Commemoration of the 100th Anniversary of the Chinese Immigration Act and Calgary Chinese in Canadian History\" data-elementor-lightbox-description=\"Storytelling - Commemoration of the 100th Anniversary of the Chinese Immigration Act and Calgary Chinese in Canadian History\r\n\r\n1923 - 2023, 100th Year of Unforgettable History\r\n&lt;ul&gt;\r\n \t&lt;li&gt;The history background of the Chinese Immigration Act&lt;\/li&gt;\r\n \t&lt;li&gt;Storytelling from family members of railway workers about their ancestors&#039; life and Chinese contribution to Canada and to Calgary&lt;\/li&gt;\r\n&lt;\/ul&gt;\r\n&lt;strong&gt;Guest Speakers:&lt;\/strong&gt;\r\n\r\nDavid Curtis Wright, PhD, Professor of History, University of Calgary\r\n\r\nRonald Lee, B.A., U of L, M. ED., Athabasca\r\n\r\n&lt;a href=&quot;https:\/\/chineseexclusioncentenary.ca\/wp-content\/uploads\/2023\/06\/Calgary-Storytelling.jpg&quot;&gt;&lt;img class=&quot;alignnone size-medium wp-image-6257&quot; src=&quot;https:\/\/chineseexclusioncentenary.ca\/wp-content\/uploads\/2023\/06\/Calgary-Storytelling-240x300.jpg&quot; alt=&quot;&quot; width=&quot;240&quot; height=&quot;300&quot; \/&gt;&lt;\/a&gt;\" e-action-hash=\"#elementor-action%3Aaction%3Dlightbox%26settings%3DeyJpZCI6NjA4MywidXJsIjpmYWxzZX0%3D\">\n\t\t\t\t\t\t\t<img decoding=\"async\" src=\"https:\/\/chineseexclusioncentenary.ca\/wp-content\/uploads\/2023\/05\/LeeWingCertificate768x560.jpg\" title=\"\" alt=\"\" loading=\"lazy\" \/>\t\t\t\t\t\t\t\t<\/a>\n\t\t\t\t\t\t\t\t\t\t\t\t\t\t\t<\/div>\n\t\t\t\t<\/div>\n\t\t\t\t\t<\/div>\n\t\t<\/div>\n\t\t\t\t<div class=\"elementor-column elementor-col-66 elementor-top-column elementor-element elementor-element-5273ec7 sc_inner_width_none sc_layouts_column_icons_position_left\" data-id=\"5273ec7\" data-element_type=\"column\">\n\t\t\t<div class=\"elementor-widget-wrap elementor-element-populated\">\n\t\t\t\t\t\t\t\t<div class=\"elementor-element elementor-element-e0a2699 sc_fly_static elementor-widget elementor-widget-trx_sc_title\" data-id=\"e0a2699\" data-element_type=\"widget\" data-widget_type=\"trx_sc_title.default\">\n\t\t\t\t<div class=\"elementor-widget-container\">\n\t\t\t<div id=\"trx_sc_title_786761553\"\n\t\tclass=\"sc_title sc_title_default\"><span class=\"sc_item_subtitle sc_title_subtitle sc_align_center sc_item_subtitle_above sc_item_title_style_default\">l\u2019histoire du Canada - Kayak<\/span><h1 class=\"sc_item_title sc_title_title sc_align_center sc_item_title_style_default sc_item_title_tag\"><span class=\"sc_item_title_text\">Au-del\u00e0 de la Montagne d\u2019or : Les Canadiens d\u2019ascendance chinoise<\/span><\/h1><div class=\"sc_item_descr sc_title_descr sc_align_center\"><\/div><\/div><!-- \/.sc_title -->\t\t<\/div>\n\t\t\t\t<\/div>\n\t\t\t\t<div class=\"elementor-element elementor-element-a5f59a2 sc_fly_static elementor-widget elementor-widget-text-editor\" data-id=\"a5f59a2\" data-element_type=\"widget\" data-widget_type=\"text-editor.default\">\n\t\t\t\t<div class=\"elementor-widget-container\">\n\t\t\t<style>\/*! elementor - v3.10.2 - 29-01-2023 *\/\n.elementor-widget-text-editor.elementor-drop-cap-view-stacked .elementor-drop-cap{background-color:#818a91;color:#fff}.elementor-widget-text-editor.elementor-drop-cap-view-framed .elementor-drop-cap{color:#818a91;border:3px solid;background-color:transparent}.elementor-widget-text-editor:not(.elementor-drop-cap-view-default) .elementor-drop-cap{margin-top:8px}.elementor-widget-text-editor:not(.elementor-drop-cap-view-default) .elementor-drop-cap-letter{width:1em;height:1em}.elementor-widget-text-editor .elementor-drop-cap{float:left;text-align:center;line-height:1;font-size:50px}.elementor-widget-text-editor .elementor-drop-cap-letter{display:inline-block}<\/style>\t\t\t\t<p><!-- wp:paragraph --><\/p><p><a href=\"https:\/\/www.histoirecanada.ca\/Gumsan\">Inscrivez-vous ci-dessous pour recevoir vos copies GRATUITES de notre num\u00e9ro<\/a> de\u00a0 Kayak consacr\u00e9 \u00e0 les Canadiens d\u2019ascendance chinoise. Kayak : l\u2019histoire du Canada pour les enfants. Notre num\u00e9ro de septembre 2023 est consacr\u00e9 aux Canadiens d\u2019ascendance chinoise.<br \/><br \/>Opprim\u00e9s, pauvres et affam\u00e9s, des milliers de Chinois en qu\u00eate d\u2019or quittent leur foyer vers le milieu des ann\u00e9es\u00a0 1800. Ils seront nombreux \u00e0 faire la route jusqu\u2019au Canada, dans l\u2019espoir d\u2019une vie meilleure. Mais peu atteindront cet objectif. Les immigrants chinois sont plut\u00f4t confront\u00e9s \u00e0 une vie de mis\u00e8re et au racisme. En guise de remerciement pour avoir contribu\u00e9 \u00e0 b\u00e2tir le chemin de fer transcontinental du Canada, l\u2019\u00c9tat les soumet \u00e0 une s\u00e9rie de lois discriminatoires et \u00e0 des taxes, et finalement \u00e0 la loi de l\u2019immigration chinoise de 1923.<br \/><br \/>Cent ans plus tard, vous d\u00e9couvrirez dans le num\u00e9ro de Kayak du mois de septembre comment ces non-citoyens m\u00e9pris\u00e9s ont lutt\u00e9 pour survivre et finalement prosp\u00e9rer au sein de la soci\u00e9t\u00e9 canadienne. Le num\u00e9ro intitul\u00e9 \u00ab\u00a0 Au-del\u00e0 de la Montagne d\u2019or\u00a0 : les Canadiens d\u2019ascendance chinoise\u00a0 \u00bb est un v\u00e9ritable tr\u00e9sor d\u2019information, pr\u00e9sentant aux lecteurs des faits m\u00e9connus de l\u2019histoire de notre nation. Les lecteurs en apprennent davantage sur le sujet gr\u00e2ce \u00e0 des articles factuels, des jeux et des extraits amusants, un texte de fiction original et une bande dessin\u00e9e. La cor\u00e9dactrice de ce num\u00e9ro est Debbie Jiang, qui est \u00e0 la fois enseignante et d\u00e9tective! Tout le travail artistique est r\u00e9alis\u00e9 par des illustrateurs d\u2019origine chinoise.<br \/><br \/>R\u00e9servez vos copies d\u00e8s aujourd\u2019hui! Les quantit\u00e9s sont limit\u00e9es! EN PRIME, vous aurez acc\u00e8srecours \u00e0 des ressources et \u00e0 des plans de le\u00e7on gratuits. Ce num\u00e9ro de Kayak s\u2019adresse \u00e0 des \u00e9l\u00e8ves de la 2e \u00e0 la 7e ann\u00e9e.<br \/><br \/>Veuillez noter que les exemplaires num\u00e9riques et imprim\u00e9s seront livr\u00e9s au mois d\u2019&#8217;ao\u00fbt. Malheureusement, nous ne pouvons pas fournir d&#8217;exemplaires imprim\u00e9s du magazine de fa\u00e7on individuelle, mais vous pouvez demander la version num\u00e9rique en cliquant sur le m\u00eame lien.<br \/><br \/>Inscrivez-vous \u00e0 la trousse p\u00e9dagogique sur le site :\u00a0<a href=\"https:\/\/www.histoirecanada.ca\/Gumsan\" target=\"_blank\" rel=\"noopener noreferrer\" data-saferedirecturl=\"https:\/\/www.google.com\/url?q=https:\/\/www.HistoireCanada.ca\/Gumsan&amp;source=gmail&amp;ust=1684475185220000&amp;usg=AOvVaw1qbApWhnRQcIzuAWwQj1cQ\">https:\/\/www.HistoireCanada.ca\/<wbr \/>Gumsan<\/a><br \/><br \/>Suivez-nous sur Facebook : @HistoireCanada\u00a0<a href=\"https:\/\/www.facebook.com\/HistoireCanada\" target=\"_blank\" rel=\"noopener noreferrer\" data-saferedirecturl=\"https:\/\/www.google.com\/url?q=https:\/\/www.facebook.com\/HistoireCanada&amp;source=gmail&amp;ust=1684475185220000&amp;usg=AOvVaw3IRXAI0xmIcfNE_LG1mHn2\">https:\/\/www.facebook.com\/Histo<wbr \/>ireCanada<\/a>,<br \/>Twitter : @HistoireCanada\u00a0<a href=\"https:\/\/www.twitter.com\/HistoireCanada\" target=\"_blank\" rel=\"noopener noreferrer\" data-saferedirecturl=\"https:\/\/www.google.com\/url?q=https:\/\/www.twitter.com\/HistoireCanada&amp;source=gmail&amp;ust=1684475185220000&amp;usg=AOvVaw11gbSJ0D35b4XBTMfInthw\">https:\/\/www.twitter.com\/Histoi<wbr \/>reCanada<\/a>,<br \/>Instagram : @CanadasHistory\u00a0<a href=\"https:\/\/www.instagram.com\/CanadasHistory\" target=\"_blank\" rel=\"noopener noreferrer\" data-saferedirecturl=\"https:\/\/www.google.com\/url?q=https:\/\/www.instagram.com\/CanadasHistory&amp;source=gmail&amp;ust=1684475185220000&amp;usg=AOvVaw06C20AKiv8hTKV3r3WSO0W\">https:\/\/www.instagram.com\/Cana<wbr \/>dasHistory<\/a>, et<br \/>YouTube : @CanadasHistory\u00a0<a href=\"https:\/\/www.youtube.com\/CanadasHistory\" target=\"_blank\" rel=\"noopener noreferrer\" data-saferedirecturl=\"https:\/\/www.google.com\/url?q=https:\/\/www.youtube.com\/CanadasHistory&amp;source=gmail&amp;ust=1684475185220000&amp;usg=AOvVaw3E3a8ssNOyR-KHfvoSr7ta\">https:\/\/www.youtube.com\/Canada<wbr \/>sHistory<\/a>.<br \/><br \/>Inscrivez-vous \u00e0 l&#8217;une de nos infolettres GRATUITES :\u00a0<a href=\"https:\/\/www.histoirecanada.ca\/Bulletin\" target=\"_blank\" rel=\"noopener noreferrer\" data-saferedirecturl=\"https:\/\/www.google.com\/url?q=https:\/\/www.HistoireCanada.ca\/Bulletin&amp;source=gmail&amp;ust=1684475185220000&amp;usg=AOvVaw1kIzP8SS6rUFziZ776wM5k\">https:\/\/www.HistoireCanada.ca\/<wbr \/>Bulletin<\/a><\/p><p><!-- \/wp:paragraph --><\/p>\t\t\t\t\t\t<\/div>\n\t\t\t\t<\/div>\n\t\t\t\t\t<\/div>\n\t\t<\/div>\n\t\t\t\t<div class=\"elementor-column elementor-col-16 elementor-top-column elementor-element elementor-element-7cd4367 sc_inner_width_none sc_layouts_column_icons_position_left\" data-id=\"7cd4367\" data-element_type=\"column\">\n\t\t\t<div class=\"elementor-widget-wrap elementor-element-populated\">\n\t\t\t\t\t\t\t\t<div class=\"elementor-element elementor-element-6900136 sc_fly_static elementor-widget elementor-widget-image\" data-id=\"6900136\" data-element_type=\"widget\" data-widget_type=\"image.default\">\n\t\t\t\t<div class=\"elementor-widget-container\">\n\t\t\t\t\t\t\t\t\t\t\t\t\t\t\t<img loading=\"lazy\" decoding=\"async\" width=\"819\" height=\"1024\" src=\"https:\/\/chineseexclusioncentenary.ca\/fr\/wp-content\/uploads\/2023\/06\/Calgary-Storytelling-819x1024.jpg\" class=\"attachment-large size-large wp-image-6084\" alt=\"\" srcset=\"https:\/\/chineseexclusioncentenary.ca\/fr\/wp-content\/uploads\/2023\/06\/Calgary-Storytelling-819x1024.jpg 819w, https:\/\/chineseexclusioncentenary.ca\/fr\/wp-content\/uploads\/2023\/06\/Calgary-Storytelling-240x300.jpg 240w, https:\/\/chineseexclusioncentenary.ca\/fr\/wp-content\/uploads\/2023\/06\/Calgary-Storytelling-768x960.jpg 768w, https:\/\/chineseexclusioncentenary.ca\/fr\/wp-content\/uploads\/2023\/06\/Calgary-Storytelling-370x463.jpg 370w, https:\/\/chineseexclusioncentenary.ca\/fr\/wp-content\/uploads\/2023\/06\/Calgary-Storytelling-760x950.jpg 760w, https:\/\/chineseexclusioncentenary.ca\/fr\/wp-content\/uploads\/2023\/06\/Calgary-Storytelling.jpg 1080w\" sizes=\"auto, (max-width: 819px) 100vw, 819px\" \/>\t\t\t\t\t\t\t\t\t\t\t\t\t\t\t<\/div>\n\t\t\t\t<\/div>\n\t\t\t\t\t<\/div>\n\t\t<\/div>\n\t\t\t\t\t\t\t<\/div>\n\t\t<\/section>\n\t\t\t\t\t\t\t<\/div>\n\t\t","protected":false},"excerpt":{"rendered":"<p>l\u2019histoire du Canada &#8211; Kayak Au-del\u00e0 de la Montagne d\u2019or : Les Canadiens d\u2019ascendance chinoise Inscrivez-vous ci-dessous pour recevoir vos copies GRATUITES de notre num\u00e9ro de\u00a0 Kayak consacr\u00e9 \u00e0 les&hellip;<\/p>\n","protected":false},"author":1,"featured_media":0,"parent":0,"menu_order":0,"comment_status":"closed","ping_status":"closed","template":"","meta":{"footnotes":""},"class_list":["post-6025","page","type-page","status-publish","hentry"],"yoast_head":"<!-- This site is optimized with the Yoast SEO plugin v20.5 - https:\/\/yoast.com\/wordpress\/plugins\/seo\/ -->\n<title>Au-del\u00e0 de la Montagne d\u2019or : Les Canadiens d\u2019ascendance chinoise - Centenaire d\u2019Exclusion des Chinois<\/title>\n<meta name=\"robots\" content=\"index, follow, max-snippet:-1, max-image-preview:large, max-video-preview:-1\" \/>\n<link rel=\"canonical\" href=\"https:\/\/chineseexclusioncentenary.ca\/fr\/au-dela-de-la-montagne-dor-les-canadiens-dascendance-chinoise\/\" \/>\n<meta property=\"og:locale\" content=\"fr_CA\" \/>\n<meta property=\"og:type\" content=\"article\" \/>\n<meta property=\"og:title\" content=\"Au-del\u00e0 de la Montagne d\u2019or : Les Canadiens d\u2019ascendance chinoise - Centenaire d\u2019Exclusion des Chinois\" \/>\n<meta property=\"og:description\" content=\"l\u2019histoire du Canada &#8211; Kayak Au-del\u00e0 de la Montagne d\u2019or : Les Canadiens d\u2019ascendance chinoise Inscrivez-vous ci-dessous pour recevoir vos copies GRATUITES de notre num\u00e9ro de\u00a0 Kayak consacr\u00e9 \u00e0 les&hellip;\" \/>\n<meta property=\"og:url\" content=\"https:\/\/chineseexclusioncentenary.ca\/fr\/au-dela-de-la-montagne-dor-les-canadiens-dascendance-chinoise\/\" \/>\n<meta property=\"og:site_name\" content=\"Centenaire d\u2019Exclusion des Chinois\" \/>\n<meta property=\"article:modified_time\" content=\"2023-05-18T06:01:22+00:00\" \/>\n<meta property=\"og:image\" content=\"https:\/\/chineseexclusioncentenary.ca\/wp-content\/uploads\/2023\/05\/LeeWingCertificate768x560.jpg\" \/>\n<meta name=\"twitter:card\" content=\"summary_large_image\" \/>\n<meta name=\"twitter:label1\" content=\"Estimation du temps de lecture\" \/>\n\t<meta name=\"twitter:data1\" content=\"3 minutes\" \/>\n<script type=\"application\/ld+json\" class=\"yoast-schema-graph\">{\"@context\":\"https:\/\/schema.org\",\"@graph\":[{\"@type\":\"WebPage\",\"@id\":\"https:\/\/chineseexclusioncentenary.ca\/fr\/au-dela-de-la-montagne-dor-les-canadiens-dascendance-chinoise\/\",\"url\":\"https:\/\/chineseexclusioncentenary.ca\/fr\/au-dela-de-la-montagne-dor-les-canadiens-dascendance-chinoise\/\",\"name\":\"Au-del\u00e0 de la Montagne d\u2019or : Les Canadiens d\u2019ascendance chinoise - Centenaire d\u2019Exclusion des Chinois\",\"isPartOf\":{\"@id\":\"https:\/\/chineseexclusioncentenary.ca\/fr\/#website\"},\"datePublished\":\"2023-05-18T05:59:38+00:00\",\"dateModified\":\"2023-05-18T06:01:22+00:00\",\"breadcrumb\":{\"@id\":\"https:\/\/chineseexclusioncentenary.ca\/fr\/au-dela-de-la-montagne-dor-les-canadiens-dascendance-chinoise\/#breadcrumb\"},\"inLanguage\":\"fr-CA\",\"potentialAction\":[{\"@type\":\"ReadAction\",\"target\":[\"https:\/\/chineseexclusioncentenary.ca\/fr\/au-dela-de-la-montagne-dor-les-canadiens-dascendance-chinoise\/\"]}]},{\"@type\":\"BreadcrumbList\",\"@id\":\"https:\/\/chineseexclusioncentenary.ca\/fr\/au-dela-de-la-montagne-dor-les-canadiens-dascendance-chinoise\/#breadcrumb\",\"itemListElement\":[{\"@type\":\"ListItem\",\"position\":1,\"name\":\"Accueil\",\"item\":\"https:\/\/chineseexclusioncentenary.ca\/fr\/\"},{\"@type\":\"ListItem\",\"position\":2,\"name\":\"Au-del\u00e0 de la Montagne d\u2019or : Les Canadiens d\u2019ascendance chinoise\"}]},{\"@type\":\"WebSite\",\"@id\":\"https:\/\/chineseexclusioncentenary.ca\/fr\/#website\",\"url\":\"https:\/\/chineseexclusioncentenary.ca\/fr\/\",\"name\":\"Centenaire d\u2019Exclusion des Chinois\",\"description\":\"1923-2023\",\"publisher\":{\"@id\":\"https:\/\/chineseexclusioncentenary.ca\/fr\/#organization\"},\"potentialAction\":[{\"@type\":\"SearchAction\",\"target\":{\"@type\":\"EntryPoint\",\"urlTemplate\":\"https:\/\/chineseexclusioncentenary.ca\/fr\/?s={search_term_string}\"},\"query-input\":\"required name=search_term_string\"}],\"inLanguage\":\"fr-CA\"},{\"@type\":\"Organization\",\"@id\":\"https:\/\/chineseexclusioncentenary.ca\/fr\/#organization\",\"name\":\"Centenaire d\u2019Exclusion des Chinois\",\"url\":\"https:\/\/chineseexclusioncentenary.ca\/fr\/\",\"logo\":{\"@type\":\"ImageObject\",\"inLanguage\":\"fr-CA\",\"@id\":\"https:\/\/chineseexclusioncentenary.ca\/fr\/#\/schema\/logo\/image\/\",\"url\":\"https:\/\/chineseexclusioncentenary.ca\/fr\/wp-content\/uploads\/2023\/03\/cropped-logo-fr-square.png\",\"contentUrl\":\"https:\/\/chineseexclusioncentenary.ca\/fr\/wp-content\/uploads\/2023\/03\/cropped-logo-fr-square.png\",\"width\":512,\"height\":512,\"caption\":\"Centenaire d\u2019Exclusion des Chinois\"},\"image\":{\"@id\":\"https:\/\/chineseexclusioncentenary.ca\/fr\/#\/schema\/logo\/image\/\"}}]}<\/script>\n<!-- \/ Yoast SEO plugin. -->","yoast_head_json":{"title":"Au-del\u00e0 de la Montagne d\u2019or : Les Canadiens d\u2019ascendance chinoise - Centenaire d\u2019Exclusion des Chinois","robots":{"index":"index","follow":"follow","max-snippet":"max-snippet:-1","max-image-preview":"max-image-preview:large","max-video-preview":"max-video-preview:-1"},"canonical":"https:\/\/chineseexclusioncentenary.ca\/fr\/au-dela-de-la-montagne-dor-les-canadiens-dascendance-chinoise\/","og_locale":"fr_CA","og_type":"article","og_title":"Au-del\u00e0 de la Montagne d\u2019or : Les Canadiens d\u2019ascendance chinoise - Centenaire d\u2019Exclusion des Chinois","og_description":"l\u2019histoire du Canada &#8211; Kayak Au-del\u00e0 de la Montagne d\u2019or : Les Canadiens d\u2019ascendance chinoise Inscrivez-vous ci-dessous pour recevoir vos copies GRATUITES de notre num\u00e9ro de\u00a0 Kayak consacr\u00e9 \u00e0 les&hellip;","og_url":"https:\/\/chineseexclusioncentenary.ca\/fr\/au-dela-de-la-montagne-dor-les-canadiens-dascendance-chinoise\/","og_site_name":"Centenaire d\u2019Exclusion des Chinois","article_modified_time":"2023-05-18T06:01:22+00:00","og_image":[{"url":"https:\/\/chineseexclusioncentenary.ca\/wp-content\/uploads\/2023\/05\/LeeWingCertificate768x560.jpg"}],"twitter_card":"summary_large_image","twitter_misc":{"Estimation du temps de lecture":"3 minutes"},"schema":{"@context":"https:\/\/schema.org","@graph":[{"@type":"WebPage","@id":"https:\/\/chineseexclusioncentenary.ca\/fr\/au-dela-de-la-montagne-dor-les-canadiens-dascendance-chinoise\/","url":"https:\/\/chineseexclusioncentenary.ca\/fr\/au-dela-de-la-montagne-dor-les-canadiens-dascendance-chinoise\/","name":"Au-del\u00e0 de la Montagne d\u2019or : Les Canadiens d\u2019ascendance chinoise - Centenaire d\u2019Exclusion des Chinois","isPartOf":{"@id":"https:\/\/chineseexclusioncentenary.ca\/fr\/#website"},"datePublished":"2023-05-18T05:59:38+00:00","dateModified":"2023-05-18T06:01:22+00:00","breadcrumb":{"@id":"https:\/\/chineseexclusioncentenary.ca\/fr\/au-dela-de-la-montagne-dor-les-canadiens-dascendance-chinoise\/#breadcrumb"},"inLanguage":"fr-CA","potentialAction":[{"@type":"ReadAction","target":["https:\/\/chineseexclusioncentenary.ca\/fr\/au-dela-de-la-montagne-dor-les-canadiens-dascendance-chinoise\/"]}]},{"@type":"BreadcrumbList","@id":"https:\/\/chineseexclusioncentenary.ca\/fr\/au-dela-de-la-montagne-dor-les-canadiens-dascendance-chinoise\/#breadcrumb","itemListElement":[{"@type":"ListItem","position":1,"name":"Accueil","item":"https:\/\/chineseexclusioncentenary.ca\/fr\/"},{"@type":"ListItem","position":2,"name":"Au-del\u00e0 de la Montagne d\u2019or : Les Canadiens d\u2019ascendance chinoise"}]},{"@type":"WebSite","@id":"https:\/\/chineseexclusioncentenary.ca\/fr\/#website","url":"https:\/\/chineseexclusioncentenary.ca\/fr\/","name":"Centenaire d\u2019Exclusion des Chinois","description":"1923-2023","publisher":{"@id":"https:\/\/chineseexclusioncentenary.ca\/fr\/#organization"},"potentialAction":[{"@type":"SearchAction","target":{"@type":"EntryPoint","urlTemplate":"https:\/\/chineseexclusioncentenary.ca\/fr\/?s={search_term_string}"},"query-input":"required name=search_term_string"}],"inLanguage":"fr-CA"},{"@type":"Organization","@id":"https:\/\/chineseexclusioncentenary.ca\/fr\/#organization","name":"Centenaire d\u2019Exclusion des Chinois","url":"https:\/\/chineseexclusioncentenary.ca\/fr\/","logo":{"@type":"ImageObject","inLanguage":"fr-CA","@id":"https:\/\/chineseexclusioncentenary.ca\/fr\/#\/schema\/logo\/image\/","url":"https:\/\/chineseexclusioncentenary.ca\/fr\/wp-content\/uploads\/2023\/03\/cropped-logo-fr-square.png","contentUrl":"https:\/\/chineseexclusioncentenary.ca\/fr\/wp-content\/uploads\/2023\/03\/cropped-logo-fr-square.png","width":512,"height":512,"caption":"Centenaire d\u2019Exclusion des Chinois"},"image":{"@id":"https:\/\/chineseexclusioncentenary.ca\/fr\/#\/schema\/logo\/image\/"}}]}},"_links":{"self":[{"href":"https:\/\/chineseexclusioncentenary.ca\/fr\/wp-json\/wp\/v2\/pages\/6025","targetHints":{"allow":["GET"]}}],"collection":[{"href":"https:\/\/chineseexclusioncentenary.ca\/fr\/wp-json\/wp\/v2\/pages"}],"about":[{"href":"https:\/\/chineseexclusioncentenary.ca\/fr\/wp-json\/wp\/v2\/types\/page"}],"author":[{"embeddable":true,"href":"https:\/\/chineseexclusioncentenary.ca\/fr\/wp-json\/wp\/v2\/users\/1"}],"replies":[{"embeddable":true,"href":"https:\/\/chineseexclusioncentenary.ca\/fr\/wp-json\/wp\/v2\/comments?post=6025"}],"version-history":[{"count":7,"href":"https:\/\/chineseexclusioncentenary.ca\/fr\/wp-json\/wp\/v2\/pages\/6025\/revisions"}],"predecessor-version":[{"id":6032,"href":"https:\/\/chineseexclusioncentenary.ca\/fr\/wp-json\/wp\/v2\/pages\/6025\/revisions\/6032"}],"wp:attachment":[{"href":"https:\/\/chineseexclusioncentenary.ca\/fr\/wp-json\/wp\/v2\/media?parent=6025"}],"curies":[{"name":"wp","href":"https:\/\/api.w.org\/{rel}","templated":true}]}}